{"id":90392,"date":"2023-12-20T09:06:01","date_gmt":"2023-12-20T07:06:01","guid":{"rendered":"https:\/\/www.difusioncomunicacion.es\/?page_id=90392"},"modified":"2023-12-20T10:49:56","modified_gmt":"2023-12-20T08:49:56","slug":"t2know","status":"publish","type":"page","link":"https:\/\/www.difusioncomunicacion.es\/cms\/t2know\/","title":{"rendered":"T2KNOW"},"content":{"rendered":"<div class=\"wpb-content-wrapper\"><p>[vc_row row_height_percent=\u00bb0&#8243; overlay_alpha=\u00bb50&#8243; gutter_size=\u00bb3&#8243; column_width_percent=\u00bb100&#8243; shift_y=\u00bb0&#8243; z_index=\u00bb0&#8243; uncode_shortcode_id=\u00bb978371&#8243; css=\u00bb.vc_custom_1703061718336{padding-top: 30px !important;}\u00bb][vc_column width=\u00bb1\/6&#8243;][\/vc_column][vc_column width=\u00bb4\/6&#8243;][vc_single_image media=\u00bb90416&#8243; media_width_percent=\u00bb100&#8243; uncode_shortcode_id=\u00bb106254&#8243;][\/vc_column][vc_column width=\u00bb1\/6&#8243;][\/vc_column][\/vc_row][vc_row][vc_column width=\u00bb1\/1&#8243;][vc_column_text uncode_shortcode_id=\u00bb161545&#8243;]<\/p>\n<h1>T2KNOW<\/h1>\n<h2>Objetivo principal<\/h2>\n<p id=\"tw-target-text\" class=\"tw-data-text tw-text-large tw-ta\" dir=\"ltr\" data-placeholder=\"Traducci\u00f3n\"><span class=\"Y2IQFc\" lang=\"es\">El\u00a0<b>objetivo principal<\/b>\u00a0de este proyecto consiste en la investigaci\u00f3n y desarrollo de\u00a0<b>T2KNOW<\/b>, una plataforma avanzada de an\u00e1lisis de texto basada en tecnolog\u00edas de Procesamiento de Lenguaje Natural (PLN), para la\u00a0<b><i>extracci\u00f3n y representaci\u00f3n de perfiles sem\u00e1nticos de entidades digitales e identificaci\u00f3n de tendencias<\/i><\/b>\u00a0de investigaci\u00f3n a partir del an\u00e1lisis documentos cient\u00edfico-t\u00e9cnicos automatizados.\u00a0<\/span><\/p>\n<p id=\"tw-target-text\" class=\"tw-data-text tw-text-large tw-ta\" dir=\"ltr\" data-placeholder=\"Traducci\u00f3n\">Partiendo de este objetivo general, en el proyecto se plantean los siguientes objetivos espec\u00edficos:<\/p>\n<ul>\n<li>Dise\u00f1ar y desarrollar una arquitectura tecnol\u00f3gica flexible, escalable y robusta (Big Data) para la gesti\u00f3n y procesamiento de grandes vol\u00famenes de datos no estructurados (texto) como base necesaria para la realizaci\u00f3n de an\u00e1lisis avanzados.<\/li>\n<li>Investigar y desarrollar algoritmos avanzados de an\u00e1lisis avanzado de texto, con t\u00e9cnicas PLN, que permitan la extracci\u00f3n de conocimiento y la exploraci\u00f3n sem\u00e1ntica de contenidos para la detecci\u00f3n de tendencias en la investigaci\u00f3n.<\/li>\n<li>Desarrollar tecnolog\u00edas de visualizaci\u00f3n de datos para descubrir y representar gr\u00e1ficamente la evoluci\u00f3n de l\u00edneas de investigaci\u00f3n, temas y tecnolog\u00edas emergentes que permitan la identificaci\u00f3n de tendencias en la investigaci\u00f3n.<\/li>\n<li>Dise\u00f1ar y ejecutar una prueba piloto para validar las tecnolog\u00edas desarrolladas en un \u00e1mbito clave como el sanitario, extendiendo su validaci\u00f3n hacia otros sectores como el industrial (pl\u00e1stico) o el TIC, con la confecci\u00f3n de corpus espec\u00edficos de publicaciones cient\u00edficas<\/li>\n<\/ul>\n<h2>Participantes<\/h2>\n<section class=\"elementor-section elementor-top-section elementor-element elementor-element-b4f324f elementor-section-boxed elementor-section-height-default elementor-section-height-default\" data-id=\"b4f324f\" data-element_type=\"section\" data-settings=\"{&quot;background_background&quot;:&quot;classic&quot;}\">\n<div class=\"elementor-container elementor-column-gap-default\">\n<div class=\"elementor-column elementor-col-50 elementor-top-column elementor-element elementor-element-16430a8\" data-id=\"16430a8\" data-element_type=\"column\">\n<div class=\"elementor-widget-wrap elementor-element-populated\">\n<div class=\"elementor-element elementor-element-035deb9 elementor-widget elementor-widget-heading\" data-id=\"035deb9\" data-element_type=\"widget\" data-widget_type=\"heading.default\">\n<div class=\"elementor-widget-container\">\n<h3 class=\"elementor-heading-title elementor-size-default\"><a href=\"https:\/\/isabial.es\/\" rel=\"nofollow\">ISABIAL<\/a><\/h3>\n<\/div>\n<\/div>\n<\/div>\n<\/div>\n<div class=\"elementor-column elementor-col-50 elementor-top-column elementor-element elementor-element-fc1cf04\" data-id=\"fc1cf04\" data-element_type=\"column\">\n<div class=\"elementor-widget-wrap elementor-element-populated\">\n<div class=\"elementor-element elementor-element-76a7a5b elementor-widget elementor-widget-text-editor\" data-id=\"76a7a5b\" data-element_type=\"widget\" data-widget_type=\"text-editor.default\">\n<div class=\"elementor-widget-container\">\n<p>(<a href=\"https:\/\/isabial.es\/\" rel=\"nofollow\">https:\/\/isabial.es\/<\/a>)<\/p>\n<\/div>\n<\/div>\n<\/div>\n<\/div>\n<\/div>\n<\/section>\n<section class=\"elementor-section elementor-top-section elementor-element elementor-element-e52d698 elementor-section-boxed elementor-section-height-default elementor-section-height-default\" data-id=\"e52d698\" data-element_type=\"section\" data-settings=\"{&quot;background_background&quot;:&quot;classic&quot;}\">\n<div class=\"elementor-container elementor-column-gap-default\">\n<div class=\"elementor-column elementor-col-100 elementor-top-column elementor-element elementor-element-6945c7f\" data-id=\"6945c7f\" data-element_type=\"column\">\n<div class=\"elementor-widget-wrap elementor-element-populated\">\n<div class=\"elementor-element elementor-element-a19e5b3 elementor-widget elementor-widget-text-editor\" data-id=\"a19e5b3\" data-element_type=\"widget\" data-widget_type=\"text-editor.default\">\n<div class=\"elementor-widget-container\">\n<p>Se constituye como un espacio de investigaci\u00f3n biom\u00e9dica multidisciplinar y traslacional integrado por el Departamento de Salud Alicante-Hospital General (en adelante, DS), la Universidad de Alicante (en adelante, UA) y la Universidad Miguel Hern\u00e1ndez (en adelante, UMH), para contribuir a aumentar la calidad de la investigaci\u00f3n biom\u00e9dica desarrollada en Alicante.<\/p>\n<p>ISABIAL se constituy\u00f3 en 2015, siendo el Hospital General Universitario de Alicante (en adelante, HGUA) el centro alrededor del cual se nuclea el Instituto. Se trata de un hospital de m\u00e1xima categor\u00eda, siendo el de mayor magnitud de la provincia de Alicante y el segundo de la Comunitat Valenciana, adem\u00e1s de actuar como Hospital General de la provincia de Alicante para la mayor\u00eda de especialidades m\u00e9dico-quir\u00fargicas. ISABIAL potencia la I+D+i biom\u00e9dica de excelencia desarrollada en Alicante y, como consecuencia, la de las actividades asistenciales y docentes vinculadas, mejorando la atenci\u00f3n al paciente y la salud general de la poblaci\u00f3n, adem\u00e1s de optimizar los recursos humanos y materiales disponibles en las distintas entidades involucradas. Los m\u00e1s de 500 miembros investigadores adscritos a ISABIAL se estructuran en 43 grupos de investigaci\u00f3n que a su vez, se enmarcan en 5 \u00e1reas de investigaci\u00f3n diferenciadas.<\/p>\n<\/div>\n<\/div>\n<\/div>\n<\/div>\n<\/div>\n<\/section>\n<section class=\"elementor-section elementor-top-section elementor-element elementor-element-975e569 elementor-section-boxed elementor-section-height-default elementor-section-height-default\" data-id=\"975e569\" data-element_type=\"section\" data-settings=\"{&quot;background_background&quot;:&quot;classic&quot;}\">\n<div class=\"elementor-container elementor-column-gap-default\">\n<div class=\"elementor-column elementor-col-50 elementor-top-column elementor-element elementor-element-d6d4116\" data-id=\"d6d4116\" data-element_type=\"column\">\n<div class=\"elementor-widget-wrap elementor-element-populated\">\n<div class=\"elementor-element elementor-element-268802c elementor-widget elementor-widget-heading\" data-id=\"268802c\" data-element_type=\"widget\" data-widget_type=\"heading.default\">\n<div class=\"elementor-widget-container\">\n<h3 class=\"elementor-heading-title elementor-size-default\"><a href=\"https:\/\/gplsi.dlsi.ua.es\/\" rel=\"nofollow\">UNIVERSIDAD DE ALICANTE<\/a><\/h3>\n<\/div>\n<\/div>\n<\/div>\n<\/div>\n<div class=\"elementor-column elementor-col-50 elementor-top-column elementor-element elementor-element-0313b1e\" data-id=\"0313b1e\" data-element_type=\"column\">\n<div class=\"elementor-widget-wrap elementor-element-populated\">\n<div class=\"elementor-element elementor-element-abb3911 elementor-widget elementor-widget-text-editor\" data-id=\"abb3911\" data-element_type=\"widget\" data-widget_type=\"text-editor.default\">\n<div class=\"elementor-widget-container\">\n<p>(<a href=\"https:\/\/gplsi.dlsi.ua.es\/\" rel=\"nofollow\">https:\/\/gplsi.dlsi.ua.es<\/a>)<\/p>\n<\/div>\n<\/div>\n<\/div>\n<\/div>\n<\/div>\n<\/section>\n<section class=\"elementor-section elementor-top-section elementor-element elementor-element-c28b07b elementor-section-boxed elementor-section-height-default elementor-section-height-default\" data-id=\"c28b07b\" data-element_type=\"section\" data-settings=\"{&quot;background_background&quot;:&quot;classic&quot;}\">\n<div class=\"elementor-container elementor-column-gap-default\">\n<div class=\"elementor-column elementor-col-100 elementor-top-column elementor-element elementor-element-3a35209\" data-id=\"3a35209\" data-element_type=\"column\">\n<div class=\"elementor-widget-wrap elementor-element-populated\">\n<div class=\"elementor-element elementor-element-9ea9a6c elementor-widget elementor-widget-text-editor\" data-id=\"9ea9a6c\" data-element_type=\"widget\" data-widget_type=\"text-editor.default\">\n<div class=\"elementor-widget-container\">\n<p>El\u00a0<strong>Grupo de Procesamiento del Lenguaje natural y Sistemas de Informaci\u00f3n<\/strong>\u00a0es un grupo de investigaci\u00f3n de la\u00a0<a href=\"http:\/\/www.ua.es\/\" rel=\"nofollow\">Universidad de Alicante<\/a>\u00a0centrado en el Procesamiento del Lenguaje Natural. Nuestro objetivo\u00a0es acercar los ordenadores al lenguaje humano para facilitar el entendimiento entre los humanos y las m\u00e1quinas y reemplazar tareas mec\u00e1nicas por otras de alta productividad.<\/p>\n<p class=\"rtejustify\">Nuestras\u00a0investigaciones\u00a0se enfocan en las\u00a0<strong>tecnolog\u00edas del lenguaje humano<\/strong>\u00a0(TLH) y contamos con numerosas l\u00edneas de investigaci\u00f3n dentro de el PLN:<\/p>\n<\/div>\n<\/div>\n<div class=\"elementor-element elementor-element-8bdd3c3 elementor-widget elementor-widget-image\" data-id=\"8bdd3c3\" data-element_type=\"widget\" data-widget_type=\"image.default\"><\/div>\n<div class=\"elementor-element elementor-element-b6a0654 elementor-widget elementor-widget-text-editor\" data-id=\"b6a0654\" data-element_type=\"widget\" data-widget_type=\"text-editor.default\">\n<div class=\"elementor-widget-container\">\n<p class=\"rtejustify\"><img decoding=\"async\" class=\"size-medium wp-image-90395 aligncenter\" src=\"https:\/\/www.difusioncomunicacion.es\/wp-content\/uploads\/2023\/12\/lineas-300x151.png\" alt=\"lineas\" width=\"300\" height=\"151\" srcset=\"https:\/\/www.difusioncomunicacion.es\/cms\/wp-content\/uploads\/2023\/12\/lineas-300x151.png 300w, https:\/\/www.difusioncomunicacion.es\/cms\/wp-content\/uploads\/2023\/12\/lineas-350x176.png 350w, https:\/\/www.difusioncomunicacion.es\/cms\/wp-content\/uploads\/2023\/12\/lineas.png 560w\" sizes=\"(max-width: 300px) 100vw, 300px\" \/>Estas investigaciones est\u00e1n financiadas a nivel europeo, nacional y regional, y gracias a ello se han desarrollado aplicaciones y herramientas innovadoras, adem\u00e1s de tambi\u00e9n darnos la posibilidad de asistir a las conferencias m\u00e1s relevantes en nuestra \u00e1rea de investigaci\u00f3n, dando como resultado un gran n\u00famero de publicaciones en los mejores foros, revistas y medios de comunicaci\u00f3n.<\/p>\n<\/div>\n<\/div>\n<div class=\"elementor-element elementor-element-5ef3d17 elementor-widget elementor-widget-image\" data-id=\"5ef3d17\" data-element_type=\"widget\" data-widget_type=\"image.default\">\n<div class=\"elementor-widget-container\"><\/div>\n<\/div>\n<div class=\"elementor-element elementor-element-9b94b54 elementor-widget elementor-widget-text-editor\" data-id=\"9b94b54\" data-element_type=\"widget\" data-widget_type=\"text-editor.default\">\n<div class=\"elementor-widget-container\">\n<p><img decoding=\"async\" class=\"size-medium wp-image-90394 aligncenter\" src=\"https:\/\/www.difusioncomunicacion.es\/wp-content\/uploads\/2023\/12\/grafico-300x249.png\" alt=\"grafico\" width=\"300\" height=\"249\" srcset=\"https:\/\/www.difusioncomunicacion.es\/cms\/wp-content\/uploads\/2023\/12\/grafico-300x249.png 300w, https:\/\/www.difusioncomunicacion.es\/cms\/wp-content\/uploads\/2023\/12\/grafico.png 332w\" sizes=\"(max-width: 300px) 100vw, 300px\" \/>A modo de resumen cuantitativo se muestra la figura anterior que representa los hitos alcanzados por los 13 investigadores de la presente solicitud, cabe destacar la realizaci\u00f3n de\u00a0<b>55 registros software<\/b>\u00a0(<b>38 de ellos transferidos a empresas<\/b>) y casi 1200 publicaciones de las cuales\u00a0<b>809 publicaciones son en revistas<\/b>\u00a0(319 en la WoS, en el a\u00f1o de su publicaci\u00f3n) y\u00a0<b>369 publicaciones en conferencias internacionales<\/b>.<\/p>\n<\/div>\n<\/div>\n<div class=\"elementor-element elementor-element-6800c11 elementor-widget elementor-widget-heading\" data-id=\"6800c11\" data-element_type=\"widget\" data-widget_type=\"heading.default\">\n<div class=\"elementor-widget-container\">\n<h3 class=\"elementor-heading-title elementor-size-default\">Investigadores<\/h3>\n<\/div>\n<\/div>\n<div class=\"elementor-element elementor-element-16efa80 elementor-widget elementor-widget-text-editor\" data-id=\"16efa80\" data-element_type=\"widget\" data-widget_type=\"text-editor.default\">\n<div class=\"elementor-widget-container\">\n<ul>\n<li><a href=\"https:\/\/cvnet.cpd.ua.es\/curriculum-breve\/es\/munoz-guillena-rafael\/3131\" rel=\"nofollow\">Rafael Mu\u00f1oz Guillena<\/a><\/li>\n<li><a href=\"https:\/\/cvnet.cpd.ua.es\/curriculum-breve\/es\/gutierrez-vazquez-yoan\/49618\" rel=\"nofollow\">Yoan Guti\u00e9rrez V\u00e1zquez<\/a><\/li>\n<li><a href=\"https:\/\/cvnet.cpd.ua.es\/curriculum-breve\/es\/montoyo-guijarro-juan-andres\/14318\" rel=\"nofollow\">J. Andr\u00e9s Montoyo Guijarro<\/a><\/li>\n<li><a href=\"https:\/\/cvnet.cpd.ua.es\/curriculum-breve\/es\/saquete-boro-maria-estela\/11358\" rel=\"nofollow\">Estela Saquete Boro<\/a><\/li>\n<li><a href=\"https:\/\/cvnet.cpd.ua.es\/curriculum-breve\/es\/vazquez-perez-sonia\/4760\" rel=\"nofollow\">Sonia V\u00e1zquez P\u00e9rez<\/a><\/li>\n<li><a href=\"https:\/\/cvnet.cpd.ua.es\/curriculum-breve\/es\/tomas-diaz-david\/7518\" rel=\"nofollow\">David Tom\u00e1s D\u00edaz<\/a><\/li>\n<\/ul>\n<\/div>\n<\/div>\n<\/div>\n<\/div>\n<\/div>\n<\/section>\n<section class=\"elementor-section elementor-top-section elementor-element elementor-element-1de18b1 elementor-section-boxed elementor-section-height-default elementor-section-height-default\" data-id=\"1de18b1\" data-element_type=\"section\" data-settings=\"{&quot;background_background&quot;:&quot;classic&quot;}\">\n<div class=\"elementor-container elementor-column-gap-default\">\n<div class=\"elementor-column elementor-col-50 elementor-top-column elementor-element elementor-element-17c9891\" data-id=\"17c9891\" data-element_type=\"column\">\n<div class=\"elementor-widget-wrap elementor-element-populated\">\n<div class=\"elementor-element elementor-element-4f0a748 elementor-widget elementor-widget-heading\" data-id=\"4f0a748\" data-element_type=\"widget\" data-widget_type=\"heading.default\">\n<div class=\"elementor-widget-container\">\n<h3 class=\"elementor-heading-title elementor-size-default\"><a href=\"https:\/\/www.difusioncomunicacion.es\/\">DIFUSI\u00d3N COMUNICACI\u00d3N DIGITAL SL<\/a><\/h3>\n<\/div>\n<\/div>\n<\/div>\n<\/div>\n<div class=\"elementor-column elementor-col-50 elementor-top-column elementor-element elementor-element-f2a3175\" data-id=\"f2a3175\" data-element_type=\"column\">\n<div class=\"elementor-widget-wrap elementor-element-populated\">\n<div class=\"elementor-element elementor-element-16f5675 elementor-widget elementor-widget-text-editor\" data-id=\"16f5675\" data-element_type=\"widget\" data-widget_type=\"text-editor.default\">\n<div class=\"elementor-widget-container\">\n<p>(<a href=\"https:\/\/www.difusioncomunicacion.es\/\">www.difusioncomunicacion.es<\/a>)<\/p>\n<\/div>\n<\/div>\n<\/div>\n<\/div>\n<\/div>\n<\/section>\n<section class=\"elementor-section elementor-top-section elementor-element elementor-element-57d7206 elementor-section-boxed elementor-section-height-default elementor-section-height-default\" data-id=\"57d7206\" data-element_type=\"section\" data-settings=\"{&quot;background_background&quot;:&quot;classic&quot;}\">\n<div class=\"elementor-container elementor-column-gap-default\">\n<div class=\"elementor-column elementor-col-100 elementor-top-column elementor-element elementor-element-6fc0e89\" data-id=\"6fc0e89\" data-element_type=\"column\">\n<div class=\"elementor-widget-wrap elementor-element-populated\">\n<div class=\"elementor-element elementor-element-27cc1e3 elementor-widget elementor-widget-text-editor\" data-id=\"27cc1e3\" data-element_type=\"widget\" data-widget_type=\"text-editor.default\">\n<div class=\"elementor-widget-container\">\n<p>Veinticinco a\u00f1os avalan el saber hacer en el \u00e1mbito del dise\u00f1o gr\u00e1fico, marketing, comunicaci\u00f3n, programaci\u00f3n, dise\u00f1o web y desarrollo de campa\u00f1as publicitarias. Actualmente se compone por un equipo joven, din\u00e1mico y especializado en las distintas \u00e1reas de trabajo de la empresa, para ofrecer el mejor servicio a los clientes; en continua formaci\u00f3n y adapt\u00e1ndose a los cambios tecnol\u00f3gicos y digitales del sector.<\/p>\n<p>El objetivo principal es que las marcas y empresas tengan presencia, reconocimiento y visibilidad digital. Queriendo que sus servicios y productos se den a conocer y ampl\u00eden su mercado de clientes y ventas. Tambi\u00e9n en busca que las personas conozcan a las marcas y se hable de ellas y no hay mejor forma de conseguirlo que conectando usuarios y marcas mediante las redes sociales, blogs o webs.<\/p>\n<p>En Difusi\u00f3n Comunicaci\u00f3n se sirve de la creatividad y de la tecnolog\u00eda para aportar soluciones con un alto valor a\u00f1adido a las problem\u00e1ticas de comunicaci\u00f3n, publicidad e imagen de nuestros clientes, enmarcados principalmente en la Comunitat Valenciana y en la Regi\u00f3n de Murcia.<\/p>\n<\/div>\n<\/div>\n<\/div>\n<\/div>\n<\/div>\n<\/section>\n<p>[\/vc_column_text][vc_column_text uncode_shortcode_id=\u00bb314683&#8243;]<\/p>\n<p style=\"text-align: center; font-size: 1.25rem;\"><strong>Proyecto financiado por el Programa Comunitat Valenciana Fondo Europeo de Desarrollo Regional (FEDER) 2021-2027 y la\u00a0Ag\u00e8ncia Valenciana de la Innovaci\u00f3 (AVI)<\/strong><\/p>\n<p>[\/vc_column_text][\/vc_column][\/vc_row][vc_row][vc_column width=\u00bb1\/6&#8243;][\/vc_column][vc_column width=\u00bb4\/6&#8243;][vc_single_image media=\u00bb90408&#8243; media_width_percent=\u00bb100&#8243; alignment=\u00bbcenter\u00bb uncode_shortcode_id=\u00bb167780&#8243;][\/vc_column][vc_column width=\u00bb1\/6&#8243;][\/vc_column][\/vc_row]<\/p>\n<\/div>","protected":false},"excerpt":{"rendered":"<p>[vc_row row_height_percent=\u00bb0&#8243; overlay_alpha=\u00bb50&#8243; gutter_size=\u00bb3&#8243; column_width_percent=\u00bb100&#8243; shift_y=\u00bb0&#8243; z_index=\u00bb0&#8243; uncode_shortcode_id=\u00bb978371&#8243; css=\u00bb.vc_custom_1703061718336{padding-top: 30px !important;}\u00bb][vc_column width=\u00bb1\/6&#8243;][\/vc_column][vc_column width=\u00bb4\/6&#8243;][vc_single_image media=\u00bb90416&#8243; media_width_percent=\u00bb100&#8243; uncode_shortcode_id=\u00bb106254&#8243;][\/vc_column][vc_column width=\u00bb1\/6&#8243;][\/vc_column][\/vc_row][vc_row][vc_column width=\u00bb1\/1&#8243;][vc_column_text uncode_shortcode_id=\u00bb161545&#8243;] T2KNOW [&hellip;]<\/p>\n","protected":false},"author":1,"featured_media":90418,"parent":0,"menu_order":0,"comment_status":"closed","ping_status":"closed","template":"","meta":{"footnotes":""},"class_list":["post-90392","page","type-page","status-publish","has-post-thumbnail","hentry"],"_links":{"self":[{"href":"https:\/\/www.difusioncomunicacion.es\/cms\/wp-json\/wp\/v2\/pages\/90392","targetHints":{"allow":["GET"]}}],"collection":[{"href":"https:\/\/www.difusioncomunicacion.es\/cms\/wp-json\/wp\/v2\/pages"}],"about":[{"href":"https:\/\/www.difusioncomunicacion.es\/cms\/wp-json\/wp\/v2\/types\/page"}],"author":[{"embeddable":true,"href":"https:\/\/www.difusioncomunicacion.es\/cms\/wp-json\/wp\/v2\/users\/1"}],"replies":[{"embeddable":true,"href":"https:\/\/www.difusioncomunicacion.es\/cms\/wp-json\/wp\/v2\/comments?post=90392"}],"version-history":[{"count":0,"href":"https:\/\/www.difusioncomunicacion.es\/cms\/wp-json\/wp\/v2\/pages\/90392\/revisions"}],"wp:featuredmedia":[{"embeddable":true,"href":"https:\/\/www.difusioncomunicacion.es\/cms\/wp-json\/wp\/v2\/media\/90418"}],"wp:attachment":[{"href":"https:\/\/www.difusioncomunicacion.es\/cms\/wp-json\/wp\/v2\/media?parent=90392"}],"curies":[{"name":"wp","href":"https:\/\/api.w.org\/{rel}","templated":true}]}}