{"id":88298,"date":"2021-06-21T11:24:12","date_gmt":"2021-06-21T11:24:12","guid":{"rendered":"https:\/\/www.difusioncomunicacion.es\/?page_id=88298"},"modified":"2021-10-13T07:02:11","modified_gmt":"2021-10-13T07:02:11","slug":"servicios","status":"publish","type":"page","link":"https:\/\/www.difusioncomunicacion.es\/cms\/servicios\/","title":{"rendered":"Servicios"},"content":{"rendered":"<div class=\"wpb-content-wrapper\"><p>[vc_row unlock_row_content=\u00bbyes\u00bb row_height_percent=\u00bb0&#8243; overlay_alpha=\u00bb50&#8243; gutter_size=\u00bb3&#8243; column_width_percent=\u00bb100&#8243; shift_y=\u00bb0&#8243; z_index=\u00bb0&#8243; uncode_shortcode_id=\u00bb130239&#8243;][vc_column column_width_percent=\u00bb100&#8243; align_horizontal=\u00bbalign_center\u00bb gutter_size=\u00bb3&#8243; overlay_alpha=\u00bb50&#8243; shift_x=\u00bb0&#8243; shift_y=\u00bb0&#8243; shift_y_down=\u00bb0&#8243; z_index=\u00bb0&#8243; medium_width=\u00bb0&#8243; mobile_width=\u00bb0&#8243; width=\u00bb1\/1&#8243; uncode_shortcode_id=\u00bb413326&#8243; css=\u00bb.vc_custom_1632910982639{padding-bottom: 40px !important;}\u00bb][vc_custom_heading heading_semantic=\u00bbh1&#8243; text_size=\u00bb\u00bb css_animation=\u00bbleft-t-right\u00bb animation_speed=\u00bb400&#8243; uncode_shortcode_id=\u00bb759265&#8243;]<\/p>\n<h1 style=\"text-align: center;\"><span class=\"textotitulo\">Nuestros servicios<\/span><\/h1>\n<p>[\/vc_custom_heading][\/vc_column][\/vc_row][vc_row unlock_row_content=\u00bbyes\u00bb row_height_percent=\u00bb50&#8243; override_padding=\u00bbyes\u00bb h_padding=\u00bb0&#8243; top_padding=\u00bb0&#8243; bottom_padding=\u00bb0&#8243; back_color=\u00bbcolor-xsdn\u00bb overlay_alpha=\u00bb100&#8243; equal_height=\u00bbyes\u00bb gutter_size=\u00bb0&#8243; column_width_percent=\u00bb100&#8243; shift_y=\u00bb0&#8243; z_index=\u00bb0&#8243; style=\u00bbinherited\u00bb][vc_column column_width_percent=\u00bb100&#8243; position_horizontal=\u00bbleft\u00bb gutter_size=\u00bb3&#8243; back_color=\u00bbcolor-lxmt\u00bb back_image=\u00bb88310&#8243; overlay_alpha=\u00bb100&#8243; shift_x=\u00bb0&#8243; shift_y=\u00bb0&#8243; shift_y_down=\u00bb0&#8243; z_index=\u00bb0&#8243; medium_width=\u00bb3&#8243; mobile_width=\u00bb0&#8243; css_animation=\u00bbzoom-in\u00bb animation_delay=\u00bb200&#8243; zoom_width=\u00bb0&#8243; zoom_height=\u00bb0&#8243; width=\u00bb1\/3&#8243; mobile_height=\u00bb260&#8243; link_to=\u00bburl:%2Fservicios%2Fmarketing-digital%2F|title:Marketing%20Digital\u00bb uncode_shortcode_id=\u00bb173695&#8243; back_color_type=\u00bbuncode-palette\u00bb][\/vc_column][vc_column column_width_percent=\u00bb100&#8243; position_horizontal=\u00bbleft\u00bb position_vertical=\u00bbmiddle\u00bb align_horizontal=\u00bbalign_center\u00bb gutter_size=\u00bb3&#8243; override_padding=\u00bbyes\u00bb column_padding=\u00bb5&#8243; back_color=\u00bbcolor-xsdn\u00bb overlay_alpha=\u00bb100&#8243; shift_x=\u00bb0&#8243; shift_y=\u00bb0&#8243; medium_width=\u00bb3&#8243; css_animation=\u00bbzoom-in\u00bb zoom_width=\u00bb0&#8243; zoom_height=\u00bb0&#8243; width=\u00bb1\/3&#8243;][vc_icon 1=\u00bbhref=\u00ab\u00ab\/servicios\/comunicacion\u00ab\u00ab&gt;Comunicaci\u00f3n\u00ab\u00bb icon=\u00bbfa fa-mobile2&#8243; icon_image=\u00bb88236&#8243; media_size=\u00bb160px\u00bb text_size=\u00bbh1&#8243; align=\u00bb\u00bb link=\u00bburl:%2Fservicios%2Fmarketing-digital%2F|title:Marketing%20Digital\u00bb uncode_shortcode_id=\u00bb144466&#8243;]<\/p>\n<p class=\"h1\" style=\"text-align: center; font-weight: bold;\"><a href=\"\/servicios\/marketing-digital\/\">Marketing digital<\/a><\/p>\n<p style=\"text-align: center;\">No basta con decir \u201cestoy aqu\u00ed\u201d, hay que hacerlo de forma consciente y con un objetivo. Siguiendo los resultados. Nos encargamos de que lo consigas.<\/p>\n<p>[\/vc_icon][\/vc_column][vc_column column_width_percent=\u00bb100&#8243; position_vertical=\u00bbmiddle\u00bb align_horizontal=\u00bbalign_center\u00bb gutter_size=\u00bb3&#8243; override_padding=\u00bbyes\u00bb column_padding=\u00bb5&#8243; back_color=\u00bbcolor-lxmt\u00bb back_image=\u00bb88307&#8243; overlay_alpha=\u00bb50&#8243; shift_x=\u00bb0&#8243; shift_y=\u00bb0&#8243; shift_y_down=\u00bb0&#8243; z_index=\u00bb0&#8243; medium_width=\u00bb3&#8243; mobile_width=\u00bb0&#8243; css_animation=\u00bbzoom-in\u00bb animation_delay=\u00bb600&#8243; zoom_width=\u00bb0&#8243; zoom_height=\u00bb0&#8243; width=\u00bb1\/3&#8243; link_to=\u00bburl:%2Fservicios%2Fdiseno-grafico%2F|title:Dise%C3%B1o%20Gr%C3%A1fico\u00bb uncode_shortcode_id=\u00bb121146&#8243; back_color_type=\u00bbuncode-palette\u00bb mobile_height=\u00bb260&#8243;][\/vc_column][\/vc_row][vc_row unlock_row_content=\u00bbyes\u00bb row_height_percent=\u00bb50&#8243; override_padding=\u00bbyes\u00bb h_padding=\u00bb0&#8243; top_padding=\u00bb0&#8243; bottom_padding=\u00bb0&#8243; back_color=\u00bbcolor-xsdn\u00bb overlay_alpha=\u00bb100&#8243; equal_height=\u00bbyes\u00bb gutter_size=\u00bb0&#8243; column_width_percent=\u00bb100&#8243; shift_y=\u00bb0&#8243; z_index=\u00bb0&#8243; style=\u00bbinherited\u00bb][vc_column column_width_percent=\u00bb100&#8243; position_horizontal=\u00bbleft\u00bb position_vertical=\u00bbmiddle\u00bb align_horizontal=\u00bbalign_center\u00bb gutter_size=\u00bb3&#8243; override_padding=\u00bbyes\u00bb column_padding=\u00bb5&#8243; back_color=\u00bbcolor-xsdn\u00bb overlay_alpha=\u00bb100&#8243; shift_x=\u00bb0&#8243; shift_y=\u00bb0&#8243; medium_width=\u00bb3&#8243; css_animation=\u00bbzoom-in\u00bb zoom_width=\u00bb0&#8243; zoom_height=\u00bb0&#8243; width=\u00bb1\/3&#8243;][vc_icon 1=\u00bbhref=\u00ab\u00ab\/servicios\/diseno-grafico\u00ab\u00ab&gt;Dise\u00f1o\u00bb 2=\u00bbGrafico\u00ab\u00bb icon=\u00bbfa fa-mobile2&#8243; icon_image=\u00bb88239&#8243; media_size=\u00bb160px\u00bb text_size=\u00bbh1&#8243; align=\u00bb\u00bb link=\u00bburl:%2Fservicios%2Fdiseno-grafico%2F|title:Dise%C3%B1o%20Gr%C3%A1fico\u00bb uncode_shortcode_id=\u00bb196517&#8243;]<\/p>\n<p class=\"h1\" style=\"text-align: center; font-weight: bold;\"><a href=\"\/servicios\/diseno-grafico\/\">Dise\u00f1o Gr\u00e1fico<\/a><\/p>\n<p style=\"text-align: center;\">No solo dejamos bonita tu marca, sino que le damos soportes, la adaptamos y hacemos que sea inolvidable.<\/p>\n<p>[\/vc_icon][\/vc_column][vc_column column_width_percent=\u00bb100&#8243; position_horizontal=\u00bbleft\u00bb gutter_size=\u00bb3&#8243; back_color=\u00bbcolor-lxmt\u00bb back_image=\u00bb88306&#8243; overlay_alpha=\u00bb100&#8243; shift_x=\u00bb0&#8243; shift_y=\u00bb0&#8243; shift_y_down=\u00bb0&#8243; z_index=\u00bb0&#8243; medium_width=\u00bb3&#8243; mobile_width=\u00bb0&#8243; css_animation=\u00bbzoom-in\u00bb animation_delay=\u00bb200&#8243; zoom_width=\u00bb0&#8243; zoom_height=\u00bb0&#8243; width=\u00bb1\/3&#8243; mobile_height=\u00bb260&#8243; link_to=\u00bburl:%2Fservicios%2Fdesarrollo-web%2F|title:Desarrollo%20Web\u00bb uncode_shortcode_id=\u00bb351659&#8243; back_color_type=\u00bbuncode-palette\u00bb][\/vc_column][vc_column column_width_percent=\u00bb100&#8243; position_vertical=\u00bbmiddle\u00bb align_horizontal=\u00bbalign_center\u00bb gutter_size=\u00bb3&#8243; override_padding=\u00bbyes\u00bb column_padding=\u00bb5&#8243; back_color=\u00bbcolor-xsdn\u00bb overlay_alpha=\u00bb50&#8243; shift_x=\u00bb0&#8243; shift_y=\u00bb0&#8243; medium_width=\u00bb3&#8243; css_animation=\u00bbzoom-in\u00bb animation_delay=\u00bb400&#8243; zoom_width=\u00bb0&#8243; zoom_height=\u00bb0&#8243; width=\u00bb1\/3&#8243;][vc_icon 1=\u00bbhref=\u00ab\u00ab\/servicios\/desarrollo-web\u00ab\u00ab&gt;Desarrollo\u00bb 2=\u00bbWeb\u00ab\u00bb icon=\u00bbfa fa-mobile2&#8243; icon_image=\u00bb88238&#8243; media_size=\u00bb160px\u00bb text_size=\u00bbh1&#8243; align=\u00bb\u00bb link=\u00bburl:%2Fservicios%2Fdesarrollo-web%2F|title:Desarrollo%20Web\u00bb uncode_shortcode_id=\u00bb115023&#8243;]<\/p>\n<p class=\"h1\" style=\"text-align: center; font-weight: bold;\"><a href=\"\/servicios\/desarrollo-web\/\">Desarrollo Web<\/a><\/p>\n<p style=\"text-align: center;\">Tu web es la presentaci\u00f3n de tu marca y tiene que contar una historia que, adem\u00e1s, sea accesible para tus clientes. Convi\u00e9rtela en una herramienta de venta.<\/p>\n<p>[\/vc_icon][\/vc_column][\/vc_row][vc_row unlock_row_content=\u00bbyes\u00bb row_height_percent=\u00bb50&#8243; override_padding=\u00bbyes\u00bb h_padding=\u00bb0&#8243; top_padding=\u00bb0&#8243; bottom_padding=\u00bb0&#8243; back_color=\u00bbcolor-xsdn\u00bb overlay_alpha=\u00bb100&#8243; equal_height=\u00bbyes\u00bb gutter_size=\u00bb0&#8243; column_width_percent=\u00bb100&#8243; shift_y=\u00bb0&#8243; z_index=\u00bb0&#8243; style=\u00bbinherited\u00bb][vc_column column_width_percent=\u00bb100&#8243; position_horizontal=\u00bbleft\u00bb gutter_size=\u00bb3&#8243; back_color=\u00bbcolor-lxmt\u00bb back_image=\u00bb88304&#8243; overlay_alpha=\u00bb100&#8243; shift_x=\u00bb0&#8243; shift_y=\u00bb0&#8243; shift_y_down=\u00bb0&#8243; z_index=\u00bb0&#8243; medium_width=\u00bb3&#8243; mobile_width=\u00bb0&#8243; css_animation=\u00bbzoom-in\u00bb animation_delay=\u00bb200&#8243; zoom_width=\u00bb0&#8243; zoom_height=\u00bb0&#8243; width=\u00bb1\/3&#8243; mobile_height=\u00bb260&#8243; link_to=\u00bburl:%2Fservicios%2Fredes-sociales%2F|title:Redes%20Sociales\u00bb uncode_shortcode_id=\u00bb975310&#8243; back_color_type=\u00bbuncode-palette\u00bb][\/vc_column][vc_column column_width_percent=\u00bb100&#8243; position_horizontal=\u00bbleft\u00bb position_vertical=\u00bbmiddle\u00bb align_horizontal=\u00bbalign_center\u00bb gutter_size=\u00bb3&#8243; override_padding=\u00bbyes\u00bb column_padding=\u00bb5&#8243; back_color=\u00bbcolor-xsdn\u00bb overlay_alpha=\u00bb100&#8243; shift_x=\u00bb0&#8243; shift_y=\u00bb0&#8243; medium_width=\u00bb3&#8243; css_animation=\u00bbzoom-in\u00bb zoom_width=\u00bb0&#8243; zoom_height=\u00bb0&#8243; width=\u00bb1\/3&#8243;][vc_icon 1=\u00bbhref=\u00ab\u00ab\/servicios\/redes-sociales\u00ab\u00ab&gt;Redes\u00bb 2=\u00bbSociales\u00ab\u00bb icon=\u00bbfa fa-mobile2&#8243; icon_image=\u00bb88244&#8243; media_size=\u00bb160px\u00bb text_size=\u00bbh1&#8243; align=\u00bb\u00bb link=\u00bburl:%2Fservicios%2Fredes-sociales%2F|title:Redes%20Sociales\u00bb uncode_shortcode_id=\u00bb155097&#8243;]<\/p>\n<p class=\"h1\" style=\"text-align: center; font-weight: bold;\"><a href=\"\/servicios\/redes-sociales\/\">Redes Sociales<\/a><\/p>\n<p style=\"text-align: center;\">Estrategia y planificaci\u00f3n son las claves del \u00e9xito en Redes Sociales, y si adem\u00e1s, lo combinas con contenido de valor, tus clientes te seguir\u00e1n a todas partes.<\/p>\n<p>[\/vc_icon][\/vc_column][vc_column column_width_percent=\u00bb100&#8243; position_vertical=\u00bbmiddle\u00bb align_horizontal=\u00bbalign_center\u00bb gutter_size=\u00bb3&#8243; override_padding=\u00bbyes\u00bb column_padding=\u00bb5&#8243; back_color=\u00bbcolor-lxmt\u00bb back_image=\u00bb88305&#8243; overlay_alpha=\u00bb50&#8243; shift_x=\u00bb0&#8243; shift_y=\u00bb0&#8243; shift_y_down=\u00bb0&#8243; z_index=\u00bb0&#8243; medium_width=\u00bb3&#8243; mobile_width=\u00bb0&#8243; css_animation=\u00bbzoom-in\u00bb animation_delay=\u00bb600&#8243; zoom_width=\u00bb0&#8243; zoom_height=\u00bb0&#8243; width=\u00bb1\/3&#8243; link_to=\u00bburl:%2Fservicios%2Fcomunicacion%2F|title:comu\u00bb uncode_shortcode_id=\u00bb178881&#8243; back_color_type=\u00bbuncode-palette\u00bb mobile_height=\u00bb260&#8243;][\/vc_column][\/vc_row][vc_row unlock_row_content=\u00bbyes\u00bb row_height_percent=\u00bb50&#8243; override_padding=\u00bbyes\u00bb h_padding=\u00bb0&#8243; top_padding=\u00bb0&#8243; bottom_padding=\u00bb0&#8243; back_color=\u00bbcolor-xsdn\u00bb overlay_alpha=\u00bb100&#8243; equal_height=\u00bbyes\u00bb gutter_size=\u00bb0&#8243; column_width_percent=\u00bb100&#8243; shift_y=\u00bb0&#8243; z_index=\u00bb0&#8243; style=\u00bbinherited\u00bb][vc_column column_width_percent=\u00bb100&#8243; position_horizontal=\u00bbleft\u00bb position_vertical=\u00bbmiddle\u00bb align_horizontal=\u00bbalign_center\u00bb gutter_size=\u00bb3&#8243; override_padding=\u00bbyes\u00bb column_padding=\u00bb5&#8243; back_color=\u00bbcolor-xsdn\u00bb overlay_alpha=\u00bb100&#8243; shift_x=\u00bb0&#8243; shift_y=\u00bb0&#8243; medium_width=\u00bb3&#8243; css_animation=\u00bbzoom-in\u00bb zoom_width=\u00bb0&#8243; zoom_height=\u00bb0&#8243; width=\u00bb1\/3&#8243;][vc_icon 1=\u00bbhref=\u00ab\u00ab\/servicios\/marketing-digital\u00ab\u00ab&gt;Marketing\u00bb 2=\u00bbDigital\u00ab\u00bb icon=\u00bbfa fa-mobile2&#8243; icon_image=\u00bb88241&#8243; media_size=\u00bb160px\u00bb text_size=\u00bbh1&#8243; align=\u00bb\u00bb link=\u00bburl:%2Fservicios%2Fcomunicacion%2F|title:Dise%C3%B1o%20Gr%C3%A1fico\u00bb uncode_shortcode_id=\u00bb168646&#8243;]<\/p>\n<p class=\"h1\" style=\"text-align: center; font-weight: bold;\"><a href=\"\/servicios\/comunicacion\/\">Comunicaci\u00f3n<\/a><\/p>\n<p style=\"text-align: center;\">Online. Qu\u00e9 palabra. Estar presente en l\u00ednea es lo que marca la diferencia para que te encuentres. Te damos alas y te decimos d\u00f3nde te encuentras.<\/p>\n<p>[\/vc_icon][\/vc_column][vc_column column_width_percent=\u00bb100&#8243; position_horizontal=\u00bbleft\u00bb gutter_size=\u00bb3&#8243; back_color=\u00bbcolor-lxmt\u00bb back_image=\u00bb88308&#8243; overlay_alpha=\u00bb100&#8243; shift_x=\u00bb0&#8243; shift_y=\u00bb0&#8243; shift_y_down=\u00bb0&#8243; z_index=\u00bb0&#8243; medium_width=\u00bb3&#8243; mobile_width=\u00bb0&#8243; css_animation=\u00bbzoom-in\u00bb animation_delay=\u00bb200&#8243; zoom_width=\u00bb0&#8243; zoom_height=\u00bb0&#8243; width=\u00bb1\/3&#8243; mobile_height=\u00bb260&#8243; link_to=\u00bburl:%2Fservicios%2Fpublicidad%2F|title:Marketing%20Digital\u00bb uncode_shortcode_id=\u00bb390294&#8243; back_color_type=\u00bbuncode-palette\u00bb][\/vc_column][vc_column column_width_percent=\u00bb100&#8243; position_vertical=\u00bbmiddle\u00bb align_horizontal=\u00bbalign_center\u00bb gutter_size=\u00bb3&#8243; override_padding=\u00bbyes\u00bb column_padding=\u00bb5&#8243; back_color=\u00bbcolor-xsdn\u00bb overlay_alpha=\u00bb50&#8243; shift_x=\u00bb0&#8243; shift_y=\u00bb0&#8243; medium_width=\u00bb3&#8243; css_animation=\u00bbzoom-in\u00bb animation_delay=\u00bb400&#8243; zoom_width=\u00bb0&#8243; zoom_height=\u00bb0&#8243; width=\u00bb1\/3&#8243;][vc_icon 1=\u00bbhref=\u00ab\u00ab\/servicios\/publicidad\u00ab\u00ab&gt;Publicidad\u00ab\u00bb icon=\u00bbfa fa-mobile2&#8243; icon_image=\u00bb88237&#8243; media_size=\u00bb160px\u00bb text_size=\u00bbh1&#8243; align=\u00bb\u00bb link=\u00bburl:%2Fservicios%2Fpublicidad%2F|title:Publicidad\u00bb uncode_shortcode_id=\u00bb489847&#8243;]<\/p>\n<p class=\"h1\" style=\"text-align: center; font-weight: bold;\"><a href=\"\/servicios\/publicidad\/\">Publicidad<\/a><\/p>\n<p style=\"text-align: center;\">Hola, te presento a mi producto. \u00bfC\u00f3mo? De forma estrat\u00e9gica, por supuesto. Llevamos a tu consumidor la informaci\u00f3n que necesita saber.<\/p>\n<p>[\/vc_icon][\/vc_column][\/vc_row][vc_row unlock_row_content=\u00bbyes\u00bb row_height_percent=\u00bb50&#8243; override_padding=\u00bbyes\u00bb h_padding=\u00bb0&#8243; top_padding=\u00bb0&#8243; bottom_padding=\u00bb0&#8243; back_color=\u00bbcolor-xsdn\u00bb overlay_alpha=\u00bb100&#8243; equal_height=\u00bbyes\u00bb gutter_size=\u00bb0&#8243; column_width_percent=\u00bb100&#8243; shift_y=\u00bb0&#8243; z_index=\u00bb0&#8243; style=\u00bbinherited\u00bb][vc_column column_width_percent=\u00bb100&#8243; position_horizontal=\u00bbleft\u00bb gutter_size=\u00bb3&#8243; back_color=\u00bbcolor-lxmt\u00bb back_image=\u00bb88309&#8243; overlay_alpha=\u00bb100&#8243; shift_x=\u00bb0&#8243; shift_y=\u00bb0&#8243; shift_y_down=\u00bb0&#8243; z_index=\u00bb0&#8243; medium_width=\u00bb3&#8243; mobile_width=\u00bb0&#8243; css_animation=\u00bbzoom-in\u00bb animation_delay=\u00bb200&#8243; zoom_width=\u00bb0&#8243; zoom_height=\u00bb0&#8243; width=\u00bb1\/3&#8243; mobile_height=\u00bb260&#8243; link_to=\u00bburl:%2Fservicios%2Fdifusionlabs%2F|title:Difusi%C3%B3nlabs\u00bb uncode_shortcode_id=\u00bb352155&#8243; back_color_type=\u00bbuncode-palette\u00bb][\/vc_column][vc_column column_width_percent=\u00bb100&#8243; position_horizontal=\u00bbleft\u00bb position_vertical=\u00bbmiddle\u00bb align_horizontal=\u00bbalign_center\u00bb gutter_size=\u00bb3&#8243; override_padding=\u00bbyes\u00bb column_padding=\u00bb5&#8243; back_color=\u00bbcolor-xsdn\u00bb overlay_alpha=\u00bb100&#8243; shift_x=\u00bb0&#8243; shift_y=\u00bb0&#8243; medium_width=\u00bb3&#8243; css_animation=\u00bbzoom-in\u00bb zoom_width=\u00bb0&#8243; zoom_height=\u00bb0&#8243; width=\u00bb1\/3&#8243;][vc_icon 1=\u00bbhref=\u00ab\u00ab\/servicios\/difusionlabs\u00ab\u00ab&gt;Difusi\u00f3nLabs\u00ab\u00bb icon=\u00bbfa fa-mobile2&#8243; icon_image=\u00bb88245&#8243; media_size=\u00bb160px\u00bb text_size=\u00bbh1&#8243; align=\u00bb\u00bb link=\u00bburl:%2Fservicios%2Fdifusionlabs%2F|title:Difusi%C3%B3nlabs\u00bb uncode_shortcode_id=\u00bb750214&#8243;]<\/p>\n<p class=\"h1\" style=\"text-align: center; font-weight: bold;\"><a href=\"\/servicios\/difusionlabs\/\">Difusionlabs<\/a><\/p>\n<p style=\"text-align: center;\">Escucha activa. Estar\u00eda bien conocer todo lo que dicen sobre ti, \u00bfVerdad? Pues te brindamos la posibilidad de hacerlo. Marca la diferencia y conoce nuevos nichos.<\/p>\n<p>[\/vc_icon][\/vc_column][vc_column column_width_percent=\u00bb100&#8243; position_vertical=\u00bbmiddle\u00bb align_horizontal=\u00bbalign_center\u00bb gutter_size=\u00bb3&#8243; override_padding=\u00bbyes\u00bb column_padding=\u00bb5&#8243; back_color=\u00bbcolor-lxmt\u00bb back_image=\u00bb88312&#8243; overlay_alpha=\u00bb50&#8243; shift_x=\u00bb0&#8243; shift_y=\u00bb0&#8243; shift_y_down=\u00bb0&#8243; z_index=\u00bb0&#8243; medium_width=\u00bb3&#8243; mobile_width=\u00bb0&#8243; css_animation=\u00bbzoom-in\u00bb animation_delay=\u00bb600&#8243; zoom_width=\u00bb0&#8243; zoom_height=\u00bb0&#8243; width=\u00bb1\/3&#8243; link_to=\u00bburl:%2Fservicios%2Fdifusionlabs%2F|title:Difusi%C3%B3nlabs\u00bb uncode_shortcode_id=\u00bb132407&#8243; back_color_type=\u00bbuncode-palette\u00bb mobile_height=\u00bb260&#8243;][\/vc_column][\/vc_row][vc_row unlock_row_content=\u00bbyes\u00bb row_height_percent=\u00bb50&#8243; override_padding=\u00bbyes\u00bb h_padding=\u00bb0&#8243; top_padding=\u00bb0&#8243; bottom_padding=\u00bb0&#8243; back_color=\u00bbcolor-xsdn\u00bb overlay_alpha=\u00bb100&#8243; equal_height=\u00bbyes\u00bb gutter_size=\u00bb0&#8243; column_width_percent=\u00bb100&#8243; shift_y=\u00bb0&#8243; z_index=\u00bb0&#8243; style=\u00bbinherited\u00bb][vc_column column_width_percent=\u00bb100&#8243; position_horizontal=\u00bbleft\u00bb position_vertical=\u00bbmiddle\u00bb align_horizontal=\u00bbalign_center\u00bb gutter_size=\u00bb3&#8243; override_padding=\u00bbyes\u00bb column_padding=\u00bb5&#8243; back_color=\u00bbcolor-xsdn\u00bb overlay_alpha=\u00bb100&#8243; shift_x=\u00bb0&#8243; shift_y=\u00bb0&#8243; medium_width=\u00bb3&#8243; css_animation=\u00bbzoom-in\u00bb zoom_width=\u00bb0&#8243; zoom_height=\u00bb0&#8243; width=\u00bb1\/3&#8243;][vc_icon 1=\u00bbhref=\u00ab\u00ab\/servicios\/eventos\u00ab\u00ab&gt;Eventos\u00ab\u00bb icon=\u00bbfa fa-mobile2&#8243; icon_image=\u00bb88240&#8243; media_size=\u00bb160px\u00bb text_size=\u00bbh1&#8243; align=\u00bb\u00bb link=\u00bburl:%2Fservicios%2Feventos%2F|title:Eventos\u00bb uncode_shortcode_id=\u00bb116584&#8243;]<\/p>\n<p class=\"h1\" style=\"text-align: center; font-weight: bold;\"><a href=\"\/servicios\/eventos\/\">Eventos<\/a><\/p>\n<p style=\"text-align: center;\">Organizaci\u00f3n, imagen, gesti\u00f3n\u2026 Desde 0 o si ya tienes la tienes pensada, le damos forma a tu idea y la monitorizamos.<\/p>\n<p>[\/vc_icon][\/vc_column][vc_column column_width_percent=\u00bb100&#8243; position_horizontal=\u00bbleft\u00bb gutter_size=\u00bb3&#8243; back_color=\u00bbcolor-lxmt\u00bb back_image=\u00bb88313&#8243; overlay_alpha=\u00bb100&#8243; shift_x=\u00bb0&#8243; shift_y=\u00bb0&#8243; shift_y_down=\u00bb0&#8243; z_index=\u00bb0&#8243; medium_width=\u00bb3&#8243; mobile_width=\u00bb0&#8243; css_animation=\u00bbzoom-in\u00bb animation_delay=\u00bb200&#8243; zoom_width=\u00bb0&#8243; zoom_height=\u00bb0&#8243; width=\u00bb1\/3&#8243; mobile_height=\u00bb260&#8243; link_to=\u00bburl:%2Fservicios%2Feventos%2F|title:Eventos\u00bb uncode_shortcode_id=\u00bb176978&#8243; back_color_type=\u00bbuncode-palette\u00bb][\/vc_column][vc_column column_width_percent=\u00bb100&#8243; position_vertical=\u00bbmiddle\u00bb align_horizontal=\u00bbalign_center\u00bb gutter_size=\u00bb3&#8243; override_padding=\u00bbyes\u00bb column_padding=\u00bb5&#8243; back_color=\u00bbcolor-xsdn\u00bb overlay_alpha=\u00bb50&#8243; shift_x=\u00bb0&#8243; shift_y=\u00bb0&#8243; shift_y_down=\u00bb0&#8243; z_index=\u00bb0&#8243; medium_width=\u00bb3&#8243; mobile_width=\u00bb0&#8243; css_animation=\u00bbzoom-in\u00bb animation_delay=\u00bb400&#8243; zoom_width=\u00bb0&#8243; zoom_height=\u00bb0&#8243; width=\u00bb1\/3&#8243; link_to=\u00bburl:%2F|title:Inicio\u00bb uncode_shortcode_id=\u00bb174571&#8243; back_color_type=\u00bbuncode-palette\u00bb][vc_single_image media=\u00bb89632&#8243; media_width_percent=\u00bb100&#8243; uncode_shortcode_id=\u00bb824566&#8243; media_link=\u00bburl:%2F\u00bb][\/vc_column][\/vc_row]<\/p>\n<\/div>","protected":false},"excerpt":{"rendered":"<p>[vc_row unlock_row_content=\u00bbyes\u00bb row_height_percent=\u00bb0&#8243; overlay_alpha=\u00bb50&#8243; gutter_size=\u00bb3&#8243; column_width_percent=\u00bb100&#8243; shift_y=\u00bb0&#8243; z_index=\u00bb0&#8243; uncode_shortcode_id=\u00bb130239&#8243;][vc_column column_width_percent=\u00bb100&#8243; align_horizontal=\u00bbalign_center\u00bb gutter_size=\u00bb3&#8243; overlay_alpha=\u00bb50&#8243; shift_x=\u00bb0&#8243; shift_y=\u00bb0&#8243; shift_y_down=\u00bb0&#8243; z_index=\u00bb0&#8243; medium_width=\u00bb0&#8243; mobile_width=\u00bb0&#8243; width=\u00bb1\/1&#8243; [&hellip;]<\/p>\n","protected":false},"author":1,"featured_media":0,"parent":0,"menu_order":0,"comment_status":"closed","ping_status":"closed","template":"","meta":{"footnotes":""},"class_list":["post-88298","page","type-page","status-publish","hentry"],"_links":{"self":[{"href":"https:\/\/www.difusioncomunicacion.es\/cms\/wp-json\/wp\/v2\/pages\/88298","targetHints":{"allow":["GET"]}}],"collection":[{"href":"https:\/\/www.difusioncomunicacion.es\/cms\/wp-json\/wp\/v2\/pages"}],"about":[{"href":"https:\/\/www.difusioncomunicacion.es\/cms\/wp-json\/wp\/v2\/types\/page"}],"author":[{"embeddable":true,"href":"https:\/\/www.difusioncomunicacion.es\/cms\/wp-json\/wp\/v2\/users\/1"}],"replies":[{"embeddable":true,"href":"https:\/\/www.difusioncomunicacion.es\/cms\/wp-json\/wp\/v2\/comments?post=88298"}],"version-history":[{"count":0,"href":"https:\/\/www.difusioncomunicacion.es\/cms\/wp-json\/wp\/v2\/pages\/88298\/revisions"}],"wp:attachment":[{"href":"https:\/\/www.difusioncomunicacion.es\/cms\/wp-json\/wp\/v2\/media?parent=88298"}],"curies":[{"name":"wp","href":"https:\/\/api.w.org\/{rel}","templated":true}]}}