{"id":88273,"date":"2021-06-21T08:49:21","date_gmt":"2021-06-21T08:49:21","guid":{"rendered":"https:\/\/www.difusioncomunicacion.es\/?page_id=88273"},"modified":"2024-01-26T13:50:03","modified_gmt":"2024-01-26T11:50:03","slug":"contacto","status":"publish","type":"page","link":"https:\/\/www.difusioncomunicacion.es\/cms\/contacto\/","title":{"rendered":"Contacto"},"content":{"rendered":"<div class=\"wpb-content-wrapper\"><p>[vc_row][vc_column column_width_percent=\u00bb100&#8243; gutter_size=\u00bb3&#8243; overlay_alpha=\u00bb50&#8243; shift_x=\u00bb0&#8243; shift_y=\u00bb0&#8243; shift_y_down=\u00bb0&#8243; z_index=\u00bb0&#8243; medium_width=\u00bb0&#8243; mobile_width=\u00bb0&#8243; width=\u00bb1\/1&#8243; uncode_shortcode_id=\u00bb171990&#8243; css=\u00bb.vc_custom_1632911086520{padding-top: 50px !important;}\u00bb][vc_column_text uncode_shortcode_id=\u00bb187019&#8243;]<\/p>\n<h1 style=\"text-align: center;\"><span class=\"textoTitulos\">Contacto<\/span><\/h1>\n<p>[\/vc_column_text][\/vc_column][\/vc_row][vc_row row_height_percent=\u00bb0&#8243; override_padding=\u00bbyes\u00bb h_padding=\u00bb2&#8243; top_padding=\u00bb5&#8243; bottom_padding=\u00bb5&#8243; overlay_alpha=\u00bb100&#8243; gutter_size=\u00bb100&#8243; column_width_percent=\u00bb100&#8243; shift_y=\u00bb0&#8243; z_index=\u00bb0&#8243; style=\u00bbinherited\u00bb][vc_column column_width_use_pixel=\u00bbyes\u00bb align_horizontal=\u00bbalign_center\u00bb gutter_size=\u00bb4&#8243; overlay_alpha=\u00bb100&#8243; shift_x=\u00bb0&#8243; shift_y=\u00bb0&#8243; medium_width=\u00bb100&#8243; zoom_width=\u00bb0&#8243; zoom_height=\u00bb0&#8243; width=\u00bb1\/1&#8243; column_width_pixel=\u00bb1400&#8243;][vc_row_inner row_inner_height_percent=\u00bb0&#8243; overlay_alpha=\u00bb100&#8243; gutter_size=\u00bb3&#8243; shift_y=\u00bb0&#8243; limit_content=\u00bb\u00bb][vc_column_inner column_width_percent=\u00bb100&#8243; align_horizontal=\u00bbalign_center\u00bb gutter_size=\u00bb3&#8243; overlay_alpha=\u00bb100&#8243; shift_x=\u00bb0&#8243; shift_y=\u00bb0&#8243; medium_width=\u00bb3&#8243; zoom_width=\u00bb0&#8243; zoom_height=\u00bb0&#8243; width=\u00bb1\/3&#8243;][vc_icon icon=\u00bbfa fa-pencil2&#8243; icon_image=\u00bb88279&#8243; icon_color=\u00bbaccent\u00bb media_size=\u00bb100px\u00bb heading_semantic=\u00bbh5&#8243; text_size=\u00bbh4&#8243; text_reduced=\u00bbyes\u00bb title=\u00bbAlcoy\u00bb uncode_shortcode_id=\u00bb193091&#8243; icon_color_type=\u00bbuncode-palette\u00bb]<a href=\"https:\/\/goo.gl\/maps\/UTwF15JvzfBT6Grr7\" target=\"_blank\" rel=\"nofollow noopener\">C\/Caseta Mascarelles 66<br \/>\nLocal 2 \u00b7 Alcoi 03803<\/a><br \/>\n<a href=\"tel:+34965548167\" target=\"_blank\" rel=\"noopener\">+34 965 548 167<\/a>[\/vc_icon][\/vc_column_inner][vc_column_inner column_width_percent=\u00bb100&#8243; align_horizontal=\u00bbalign_center\u00bb gutter_size=\u00bb3&#8243; overlay_alpha=\u00bb100&#8243; shift_x=\u00bb0&#8243; shift_y=\u00bb0&#8243; medium_width=\u00bb3&#8243; zoom_width=\u00bb0&#8243; zoom_height=\u00bb0&#8243; width=\u00bb1\/3&#8243;][vc_icon icon=\u00bbfa fa-profile-male\u00bb icon_image=\u00bb88278&#8243; icon_color=\u00bbaccent\u00bb media_size=\u00bb100px\u00bb heading_semantic=\u00bbh5&#8243; text_size=\u00bbh4&#8243; text_reduced=\u00bbyes\u00bb title=\u00bbHorario\u00bb uncode_shortcode_id=\u00bb122567&#8243; icon_color_type=\u00bbuncode-palette\u00bb]<\/p>\n<p style=\"text-align: center;\">Lunes a jueves: 8:00 &#8211; 19:00<br \/>\nViernes: 8:00 &#8211; 15:00<\/p>\n<p>[\/vc_icon][\/vc_column_inner][vc_column_inner column_width_percent=\u00bb100&#8243; align_horizontal=\u00bbalign_center\u00bb gutter_size=\u00bb3&#8243; overlay_alpha=\u00bb100&#8243; shift_x=\u00bb0&#8243; shift_y=\u00bb0&#8243; medium_width=\u00bb3&#8243; zoom_width=\u00bb0&#8243; zoom_height=\u00bb0&#8243; width=\u00bb1\/3&#8243;][vc_icon icon=\u00bbfa fa-map-pin\u00bb icon_image=\u00bb88279&#8243; icon_color=\u00bbaccent\u00bb media_size=\u00bb100px\u00bb heading_semantic=\u00bbh5&#8243; text_size=\u00bbh4&#8243; text_reduced=\u00bbyes\u00bb title=\u00bbMurcia\u00bb uncode_shortcode_id=\u00bb684489&#8243; icon_color_type=\u00bbuncode-palette\u00bb]<a href=\"https:\/\/goo.gl\/maps\/enrUuAd7YLfaYWzj9\" target=\"_blank\" rel=\"nofollow noopener\">Avda. Teniente Montesinos 10<br \/>\nOficina 9B \u00b7 Torre Godoy Murcia 30100<\/a><br \/>\n<a href=\"tel:606993104\" target=\"_blank\" rel=\"noopener\">+34 606 993 104<\/a>[\/vc_icon][\/vc_column_inner][\/vc_row_inner][\/vc_column][\/vc_row][vc_row unlock_row_content=\u00bbyes\u00bb row_height_percent=\u00bb60&#8243; override_padding=\u00bbyes\u00bb h_padding=\u00bb0&#8243; top_padding=\u00bb0&#8243; bottom_padding=\u00bb0&#8243; overlay_alpha=\u00bb100&#8243; gutter_size=\u00bb3&#8243; shift_y=\u00bb0&#8243;][vc_column column_width_percent=\u00bb100&#8243; position_horizontal=\u00bbleft\u00bb align_horizontal=\u00bbalign_center\u00bb gutter_size=\u00bb3&#8243; expand_height=\u00bbyes\u00bb overlay_alpha=\u00bb100&#8243; shift_x=\u00bb0&#8243; shift_y=\u00bb0&#8243; shift_y_down=\u00bb0&#8243; z_index=\u00bb0&#8243; medium_width=\u00bb0&#8243; mobile_width=\u00bb0&#8243; zoom_width=\u00bb0&#8243; zoom_height=\u00bb0&#8243; width=\u00bb1\/2&#8243; mobile_height=\u00bb250&#8243;][vc_custom_heading]<\/p>\n<h3 class=\"section_header margin_0 \" style=\"text-align: center;\"><span class=\"highlight medium text-transform-none\" style=\"color: #4b8ec6;\">Difusi\u00f3n en Alcoy<\/span><\/h3>\n<p>[\/vc_custom_heading][vc_raw_html]JTNDaWZyYW1lJTIwc3JjJTNEJTIyaHR0cHMlM0ElMkYlMkZ3d3cuZ29vZ2xlLmNvbSUyRm1hcHMlMkZlbWJlZCUzRnBiJTNEJTIxMW0xOCUyMTFtMTIlMjExbTMlMjExZDMxMTMuNTIxMDI3NzAwNDM1JTIxMmQtMC40ODA2NDE2ODQzODc5NTA4JTIxM2QzOC43MDU4NDUxNjU4MTY5NCUyMTJtMyUyMTFmMCUyMTJmMCUyMTNmMCUyMTNtMiUyMTFpMTAyNCUyMTJpNzY4JTIxNGYxMy4xJTIxM20zJTIxMW0yJTIxMXMweGQ2MTg2NWFjYWM5YTRmNSUyNTNBMHgyODg2MzFmYjE0MTc5ODg5JTIxMnNEaWZ1c2klMjVDMyUyNUIzbiUyNTIwQ29tdW5pY2FjaSUyNUMzJTI1QjNuJTI1MjBJbnRlZ3JhbCUyNTJDJTI1MjBTLkwuJTIxNWUwJTIxM20yJTIxMXNlcyUyMTJzZXMlMjE0djE2MjQyNjc0NjA1MjIlMjE1bTIlMjExc2VzJTIxMnNlcyUyMiUyMHdpZHRoJTNEJTIyMTAwJTI1JTIyJTIwaGVpZ2h0JTNEJTIyNTAwcHglMjIlMjBzdHlsZSUzRCUyMmJvcmRlciUzQTAlM0IlMjIlMjBhbGxvd2Z1bGxzY3JlZW4lM0QlMjIlMjIlMjBsb2FkaW5nJTNEJTIybGF6eSUyMiUzRSUzQyUyRmlmcmFtZSUzRQ==[\/vc_raw_html][\/vc_column][vc_column column_width_percent=\u00bb100&#8243; align_horizontal=\u00bbalign_center\u00bb gutter_size=\u00bb3&#8243; overlay_alpha=\u00bb50&#8243; shift_x=\u00bb0&#8243; shift_y=\u00bb0&#8243; shift_y_down=\u00bb0&#8243; z_index=\u00bb0&#8243; medium_width=\u00bb0&#8243; mobile_width=\u00bb0&#8243; width=\u00bb1\/2&#8243;][vc_custom_heading]<\/p>\n<h3 class=\"section_header margin_0 \" style=\"text-align: center;\"><span class=\"highlight medium text-transform-none\" style=\"color: #4b8ec6;\">Difusi\u00f3n en Murcia<\/span><\/h3>\n<p>[\/vc_custom_heading][vc_raw_html]JTNDaWZyYW1lJTIwc3JjJTNEJTIyaHR0cHMlM0ElMkYlMkZ3d3cuZ29vZ2xlLmNvbSUyRm1hcHMlMkZlbWJlZCUzRnBiJTNEJTIxMW0xOCUyMTFtMTIlMjExbTMlMjExZDMxNDMuNzk2NDQzNjQ1ODgyNCUyMTJkLTEuMTQ4NDE2MTQzNjM4OTcyJTIxM2QzOC4wMDUyMDgxODY5MTglMjEybTMlMjExZjAlMjEyZjAlMjEzZjAlMjEzbTIlMjExaTEwMjQlMjEyaTc2OCUyMTRmMTMuMSUyMTNtMyUyMTFtMiUyMTFzMHhkNjM4MWI4YmQ4Nzc4NWQlMjUzQTB4ZjA3YjYyNTdiZjFjODI3ZSUyMTJzRGlmdXNpJTI1QzMlMjVCM24lMjUyMENvbXVuaWNhY2klMjVDMyUyNUIzbiUyNTIwSW50ZWdyYWwlMjUyMFMuTC4lMjE1ZTAlMjEzbTIlMjExc2VzJTIxMnNlcyUyMTR2MTYyNDI2NzYzNzA2MCUyMTVtMiUyMTFzZXMlMjEyc2VzJTIyJTIwd2lkdGglM0QlMjIxMDAlMjUlMjIlMjBoZWlnaHQlM0QlMjI1MDBweCUyMiUyMHN0eWxlJTNEJTIyYm9yZGVyJTNBMCUzQiUyMiUyMGFsbG93ZnVsbHNjcmVlbiUzRCUyMiUyMiUyMGxvYWRpbmclM0QlMjJsYXp5JTIyJTNFJTNDJTJGaWZyYW1lJTNF[\/vc_raw_html][\/vc_column][\/vc_row][vc_row row_height_percent=\u00bb0&#8243; override_padding=\u00bbyes\u00bb h_padding=\u00bb2&#8243; top_padding=\u00bb5&#8243; bottom_padding=\u00bb5&#8243; overlay_alpha=\u00bb100&#8243; gutter_size=\u00bb100&#8243; shift_y=\u00bb0&#8243; style=\u00bbinherited\u00bb][vc_column column_width_use_pixel=\u00bbyes\u00bb align_horizontal=\u00bbalign_center\u00bb gutter_size=\u00bb4&#8243; overlay_alpha=\u00bb100&#8243; shift_x=\u00bb0&#8243; shift_y=\u00bb0&#8243; z_index=\u00bb0&#8243; medium_width=\u00bb100&#8243; zoom_width=\u00bb0&#8243; zoom_height=\u00bb0&#8243; width=\u00bb1\/1&#8243; column_width_pixel=\u00bb1000&#8243;][vc_row_inner row_inner_height_percent=\u00bb0&#8243; overlay_alpha=\u00bb100&#8243; gutter_size=\u00bb3&#8243; shift_y=\u00bb0&#8243; limit_content=\u00bb\u00bb][vc_column_inner column_width_use_pixel=\u00bbyes\u00bb align_horizontal=\u00bbalign_center\u00bb gutter_size=\u00bb3&#8243; font_family=\u00bbfont-134980&#8243; overlay_alpha=\u00bb100&#8243; shift_x=\u00bb0&#8243; shift_y=\u00bb0&#8243; medium_width=\u00bb0&#8243; zoom_width=\u00bb0&#8243; zoom_height=\u00bb0&#8243; width=\u00bb1\/1&#8243; column_width_pixel=\u00bb700&#8243;][vc_custom_heading heading_semantic=\u00bbh1&#8243; text_font=\u00bbfont-762333&#8243; text_size=\u00bbbigtext\u00bb text_space=\u00bbfontspace-111509&#8243; sub_lead=\u00bbyes\u00bb sub_reduced=\u00bbyes\u00bb css_animation=\u00bbright-t-left\u00bb text_align=\u00bbtext-center\u00bb]<\/p>\n<h3 class=\"section_header margin_0 \" style=\"text-align: center;\"><span class=\"highlight medium text-transform-none\" style=\"color: #4b8ec6;\">\u00bfTE ATREVES A COMUNICAR?<\/span><\/h3>\n<p>[\/vc_custom_heading][vc_column_text]<\/p>\n<p style=\"text-align: center;\">Dinos cu\u00e1les son tus necesidades, c\u00f3mo es tu empresa, qu\u00e9 objetivos quieres alcanzar y haremos todo lo que est\u00e9 en nuestras manos para ayudarte. Rellena el formulario y nos pondremos en contacto contigo en menos de lo que canta un gallo.<br \/>\nTambi\u00e9n puedes decirnos Hola.[\/vc_column_text][\/vc_column_inner][\/vc_row_inner]\n<div class=\"wpcf7 no-js\" id=\"wpcf7-f5-o1\" lang=\"es-ES\" dir=\"ltr\" data-wpcf7-id=\"5\">\n<div class=\"screen-reader-response\"><p role=\"status\" aria-live=\"polite\" aria-atomic=\"true\"><\/p> <ul><\/ul><\/div>\n<form action=\"\/cms\/wp-json\/wp\/v2\/pages\/88273#wpcf7-f5-o1\" method=\"post\" class=\"wpcf7-form init input-background\" aria-label=\"Formulario de contacto\" novalidate=\"novalidate\" data-status=\"init\">\n<fieldset class=\"hidden-fields-container\"><input type=\"hidden\" name=\"_wpcf7\" value=\"5\" \/><input type=\"hidden\" name=\"_wpcf7_version\" value=\"6.1.5\" \/><input type=\"hidden\" name=\"_wpcf7_locale\" value=\"es_ES\" \/><input type=\"hidden\" name=\"_wpcf7_unit_tag\" value=\"wpcf7-f5-o1\" \/><input type=\"hidden\" name=\"_wpcf7_container_post\" value=\"0\" \/><input type=\"hidden\" name=\"_wpcf7_posted_data_hash\" value=\"\" \/>\n<\/fieldset>\n<p><label> Tu nombre<br \/>\n<span class=\"wpcf7-form-control-wrap\" data-name=\"your-name\"><input size=\"40\" maxlength=\"400\" class=\"wpcf7-form-control wpcf7-text wpcf7-validates-as-required\" aria-required=\"true\" aria-invalid=\"false\" value=\"\" type=\"text\" name=\"your-name\" \/><\/span> <\/label>\n<\/p>\n<p><label> Tu correo electr\u00f3nico<br \/>\n<span class=\"wpcf7-form-control-wrap\" data-name=\"your-email\"><input size=\"40\" maxlength=\"400\" class=\"wpcf7-form-control wpcf7-email wpcf7-validates-as-required wpcf7-text wpcf7-validates-as-email\" aria-required=\"true\" aria-invalid=\"false\" value=\"\" type=\"email\" name=\"your-email\" \/><\/span> <\/label>\n<\/p>\n<p><label> Asunto<br \/>\n<span class=\"wpcf7-form-control-wrap\" data-name=\"your-subject\"><input size=\"40\" maxlength=\"400\" class=\"wpcf7-form-control wpcf7-text wpcf7-validates-as-required\" aria-required=\"true\" aria-invalid=\"false\" value=\"\" type=\"text\" name=\"your-subject\" \/><\/span> <\/label>\n<\/p>\n<p><label> Tu mensaje (opcional)<br \/>\n<span class=\"wpcf7-form-control-wrap\" data-name=\"your-message\"><textarea cols=\"40\" rows=\"10\" maxlength=\"2000\" class=\"wpcf7-form-control wpcf7-textarea\" aria-invalid=\"false\" name=\"your-message\"><\/textarea><\/span> <\/label>\n<\/p>\n<p><label><br \/>\n<span class=\"wpcf7-form-control-wrap\" data-name=\"acceptance-572\"><span class=\"wpcf7-form-control wpcf7-acceptance\"><span class=\"wpcf7-list-item\"><input type=\"checkbox\" name=\"acceptance-572\" value=\"1\" aria-invalid=\"false\" \/><\/span><\/span><\/span> Acepto la politica de privacidad.<br \/>\n<span style=\"font-size:12px;font-weight: 500;\">Los datos de car\u00e1cter personal que consten en la consulta ser\u00e1n tratados por DIFUSION COMUNICACION INTEGRAL SL e incorporados a la actividad de tratamiento CONTACTOS, cuya finalidad es atender tus solicitudes, peticiones o consultas recibidas desde la web, mediante correo electr\u00f3nico o telef\u00f3nico. Dar respuesta a tu solicitud y hacer un seguimiento posterior. La legitimaci\u00f3n del tratamiento es tu consentimiento. Tus datos no ser\u00e1n cedidos a terceros. Tienes derecho a acceder, rectificar y suprimir tus datos, as\u00ed como otros derechos como se explica en nuestra <a href=\"\/politicas-de-privacidad\/\">pol\u00edtica de privacidad<\/a>.<\/span><\/label>\n<\/p>\n<p><input class=\"wpcf7-form-control wpcf7-submit has-spinner\" type=\"submit\" value=\"Enviar\" \/>\n<\/p><div class=\"wpcf7-response-output\" aria-hidden=\"true\"><\/div>\n<\/form>\n<\/div>\n[\/vc_column][\/vc_row][vc_row row_height_percent=\u00bb0&#8243; override_padding=\u00bbyes\u00bb h_padding=\u00bb2&#8243; top_padding=\u00bb3&#8243; bottom_padding=\u00bb3&#8243; back_color=\u00bbaccent\u00bb overlay_alpha=\u00bb0&#8243; equal_height=\u00bbyes\u00bb gutter_size=\u00bb3&#8243; column_width_percent=\u00bb100&#8243; shift_y=\u00bb0&#8243; z_index=\u00bb0&#8243; desktop_visibility=\u00bbyes\u00bb medium_visibility=\u00bbyes\u00bb mobile_visibility=\u00bbyes\u00bb inverted_device_order=\u00bbyes\u00bb auto_height_device=\u00bbyes\u00bb style=\u00bbinherited\u00bb][vc_column column_width_percent=\u00bb100&#8243; align_horizontal=\u00bbalign_center\u00bb gutter_size=\u00bb4&#8243; style=\u00bbdark\u00bb overlay_alpha=\u00bb100&#8243; shift_x=\u00bb0&#8243; shift_y=\u00bb0&#8243; medium_width=\u00bb0&#8243; zoom_width=\u00bb0&#8243; zoom_height=\u00bb0&#8243; width=\u00bb1\/1&#8243;][vc_icon display=\u00bbinline\u00bb icon=\u00bbfa fa-social-facebook\u00bb background_style=\u00bbfa-rounded\u00bb size=\u00bbfa-2x\u00bb link=\u00bburl:https%3A%2F%2Fwww.facebook.com||target:%20_blank\u00bb][\/vc_icon][vc_icon display=\u00bbinline\u00bb icon=\u00bbfa fa-social-twitter\u00bb background_style=\u00bbfa-rounded\u00bb size=\u00bbfa-2x\u00bb link=\u00bburl:https%3A%2F%2Ftwitter.com||target:%20_blank\u00bb][\/vc_icon][vc_icon display=\u00bbinline\u00bb icon=\u00bbfa fa-social-dribbble\u00bb background_style=\u00bbfa-rounded\u00bb size=\u00bbfa-2x\u00bb link=\u00bburl:https%3A%2F%2Fdribbble.com||target:%20_blank\u00bb][\/vc_icon][vc_icon display=\u00bbinline\u00bb icon=\u00bbfa fa-linkedin\u00bb background_style=\u00bbfa-rounded\u00bb size=\u00bbfa-2x\u00bb link=\u00bburl:%23||target:%20_blank\u00bb][\/vc_icon][vc_icon display=\u00bbinline\u00bb icon=\u00bbfa fa-social-vimeo\u00bb background_style=\u00bbfa-rounded\u00bb size=\u00bbfa-2x\u00bb link=\u00bburl:%23||target:%20_blank\u00bb][\/vc_icon][\/vc_column][\/vc_row]<\/p>\n<\/div>","protected":false},"excerpt":{"rendered":"<p>If you&#8217;d like to discuss working with us, find out more about the range of services we have to offer, or just want to have a chat, please get in touch.<\/p>\n","protected":false},"author":1,"featured_media":0,"parent":0,"menu_order":0,"comment_status":"closed","ping_status":"closed","template":"","meta":{"footnotes":""},"class_list":["post-88273","page","type-page","status-publish","hentry"],"_links":{"self":[{"href":"https:\/\/www.difusioncomunicacion.es\/cms\/wp-json\/wp\/v2\/pages\/88273","targetHints":{"allow":["GET"]}}],"collection":[{"href":"https:\/\/www.difusioncomunicacion.es\/cms\/wp-json\/wp\/v2\/pages"}],"about":[{"href":"https:\/\/www.difusioncomunicacion.es\/cms\/wp-json\/wp\/v2\/types\/page"}],"author":[{"embeddable":true,"href":"https:\/\/www.difusioncomunicacion.es\/cms\/wp-json\/wp\/v2\/users\/1"}],"replies":[{"embeddable":true,"href":"https:\/\/www.difusioncomunicacion.es\/cms\/wp-json\/wp\/v2\/comments?post=88273"}],"version-history":[{"count":0,"href":"https:\/\/www.difusioncomunicacion.es\/cms\/wp-json\/wp\/v2\/pages\/88273\/revisions"}],"wp:attachment":[{"href":"https:\/\/www.difusioncomunicacion.es\/cms\/wp-json\/wp\/v2\/media?parent=88273"}],"curies":[{"name":"wp","href":"https:\/\/api.w.org\/{rel}","templated":true}]}}